{"id":1124,"date":"2011-05-21T16:28:59","date_gmt":"2011-05-21T16:28:59","guid":{"rendered":"https:\/\/elbflorace.de\/?page_id=1124"},"modified":"2025-11-03T09:03:16","modified_gmt":"2025-11-03T08:03:16","slug":"kontakt","status":"publish","type":"page","link":"https:\/\/elbflorace.de\/en\/kontakt\/","title":{"rendered":"Ansprechpartner"},"content":{"rendered":"\r\n<p>Wir stehen selbstverst\u00e4ndlich gern f\u00fcr Fragen und Anregungen zur Verf\u00fcgung! Z\u00f6gern Sie nicht, uns zu kontaktieren.<\/p>\r\n<div class=\"team-container tab-flexbox\">\r\n<div class=\"team-member\" style=\"text-align: center;\">\r\n<p><img loading=\"lazy\" decoding=\"async\" class=\"team-member-image rounded alignnone wp-image-27310 size-medium\" src=\"https:\/\/elbflorace.de\/wp-content\/uploads\/2025\/08\/Maximilian-Gaitzsch-2025-136x170.webp\" alt=\"\" width=\"136\" height=\"170\" srcset=\"https:\/\/elbflorace.de\/wp-content\/uploads\/2025\/08\/Maximilian-Gaitzsch-2025-136x170.webp 136w, https:\/\/elbflorace.de\/wp-content\/uploads\/2025\/08\/Maximilian-Gaitzsch-2025-819x1024.webp 819w, https:\/\/elbflorace.de\/wp-content\/uploads\/2025\/08\/Maximilian-Gaitzsch-2025-768x960.webp 768w, https:\/\/elbflorace.de\/wp-content\/uploads\/2025\/08\/Maximilian-Gaitzsch-2025-1229x1536.webp 1229w, https:\/\/elbflorace.de\/wp-content\/uploads\/2025\/08\/Maximilian-Gaitzsch-2025-1638x2048.webp 1638w, https:\/\/elbflorace.de\/wp-content\/uploads\/2025\/08\/Maximilian-Gaitzsch-2025-scaled.webp 2048w\" sizes=\"auto, (max-width: 136px) 100vw, 136px\" \/><\/p>\r\n<div class=\"team-member-details\">\r\n<div class=\"team-member-name\">Maximilian Gaitzsch<\/div>\r\n<p>Fertigungsleitung<\/p>\r\n<div>\u00a0<\/div>\r\n<\/div>\r\n<\/div>\r\n<div class=\"team-member\" style=\"text-align: center;\">\r\n<p><img loading=\"lazy\" decoding=\"async\" class=\"team-member-image rounded alignnone wp-image-27341 size-medium\" src=\"https:\/\/elbflorace.de\/wp-content\/uploads\/2025\/08\/Victoria-Siebler-2025-136x170.webp\" alt=\"\" width=\"136\" height=\"170\" srcset=\"https:\/\/elbflorace.de\/wp-content\/uploads\/2025\/08\/Victoria-Siebler-2025-136x170.webp 136w, https:\/\/elbflorace.de\/wp-content\/uploads\/2025\/08\/Victoria-Siebler-2025-819x1024.webp 819w, https:\/\/elbflorace.de\/wp-content\/uploads\/2025\/08\/Victoria-Siebler-2025-768x960.webp 768w, https:\/\/elbflorace.de\/wp-content\/uploads\/2025\/08\/Victoria-Siebler-2025-1229x1536.webp 1229w, https:\/\/elbflorace.de\/wp-content\/uploads\/2025\/08\/Victoria-Siebler-2025-1638x2048.webp 1638w, https:\/\/elbflorace.de\/wp-content\/uploads\/2025\/08\/Victoria-Siebler-2025-scaled.webp 2048w\" sizes=\"auto, (max-width: 136px) 100vw, 136px\" \/><\/p>\r\n<div class=\"team-member-details\">\r\n<div class=\"team-member-name\">Victoria Siebler<\/div>\r\n<p>Projekt- &amp; Personalleitung<\/p>\r\n<div><i class=\"fa-solid fa-phone fa-lg team-member-icon\" aria-hidden=\"true\"><\/i> <!--<a href=\"mailto:@elbflorace.de\" \"title=\"E-Mail an {$member['name']} senden\" role='button' tabindex='0'>\r\n    <i class=\"fa-solid fa-envelope fa-lg team-member-icon\" aria-hidden='true'><\/i>\r\n<\/a>--> <i class=\"fa-brands fa-whatsapp fa-lg team-member-icon\" aria-hidden=\"true\"><\/i><\/div>\r\n<\/div>\r\n<\/div>\r\n<\/div>\r\n\r\n\r\n\r\n<h3>Adresse<\/h3>\r\n<p><strong>ELBFLORACE e.V.<\/strong><\/p>\r\n<p>Niedersedlitzer Str. 61<br \/>01257 Dresden<\/p>\r\n","protected":false},"excerpt":{"rendered":"<p>Wir stehen selbstverst\u00e4ndlich gern f\u00fcr Fragen und Anregungen zur Verf\u00fcgung! Z\u00f6gern Sie nicht, uns zu kontaktieren. Maximilian Gaitzsch Fertigungsleitung \u00a0 Victoria Siebler Projekt- &amp; Personalleitung Adresse ELBFLORACE e.V. Niedersedlitzer Str. 6101257 Dresden<\/p>\n","protected":false},"author":335,"featured_media":23215,"parent":0,"menu_order":0,"comment_status":"open","ping_status":"open","template":"","meta":{"footnotes":""},"class_list":["post-1124","page","type-page","status-publish","has-post-thumbnail","hentry"],"_links":{"self":[{"href":"https:\/\/elbflorace.de\/en\/wp-json\/wp\/v2\/pages\/1124","targetHints":{"allow":["GET"]}}],"collection":[{"href":"https:\/\/elbflorace.de\/en\/wp-json\/wp\/v2\/pages"}],"about":[{"href":"https:\/\/elbflorace.de\/en\/wp-json\/wp\/v2\/types\/page"}],"author":[{"embeddable":true,"href":"https:\/\/elbflorace.de\/en\/wp-json\/wp\/v2\/users\/335"}],"replies":[{"embeddable":true,"href":"https:\/\/elbflorace.de\/en\/wp-json\/wp\/v2\/comments?post=1124"}],"version-history":[{"count":204,"href":"https:\/\/elbflorace.de\/en\/wp-json\/wp\/v2\/pages\/1124\/revisions"}],"predecessor-version":[{"id":27516,"href":"https:\/\/elbflorace.de\/en\/wp-json\/wp\/v2\/pages\/1124\/revisions\/27516"}],"wp:featuredmedia":[{"embeddable":true,"href":"https:\/\/elbflorace.de\/en\/wp-json\/wp\/v2\/media\/23215"}],"wp:attachment":[{"href":"https:\/\/elbflorace.de\/en\/wp-json\/wp\/v2\/media?parent=1124"}],"curies":[{"name":"wp","href":"https:\/\/api.w.org\/{rel}","templated":true}]}}