{"id":23224,"date":"2023-12-28T04:13:44","date_gmt":"2023-12-28T03:13:44","guid":{"rendered":"https:\/\/elbflorace.de\/?page_id=23224"},"modified":"2026-02-28T17:09:40","modified_gmt":"2026-02-28T16:09:40","slug":"sponsor-werden","status":"publish","type":"page","link":"https:\/\/elbflorace.de\/en\/sponsor-werden\/","title":{"rendered":"Projekt unterst\u00fctzen"},"content":{"rendered":"<h2 class=\"sticky\">Sponsor werden<\/h2>\n<p>Arbeiten Sie mit jungen, motivierten Akademikern partnerschaftlich zusammen, erleben Sie die Entwicklung neuer Technologien hautnah mit, seien Sie dabei, wenn auf den traditionsreichsten Rennstrecken Europas um den Sieg gefahren wird\u00a0\u2026 kurzum: lassen Sie sich von der Faszination Formula Student anstecken! Nebenbei profitieren Sie von einer Zusammenarbeit mit uns in vielf\u00e4ltiger Art und Weise:<\/p>\n<div class=\"row\">\n<div class=\"col-sm-6\">\n<h3 class=\"spezial-ueberschrift3\">Werbung<\/h3>\n<p>Erweitern Sie ihr Marketingkonzept um eine bisher nie da gewesene und hoch spannende Komponente: pr\u00e4sentieren Sie Ihr Logo auf unserem Rennwagen! Damit sichern Sie sich Pr\u00e4senz auf den ber\u00fchmtesten Rennstrecken Europas. Im Sommer versammeln sich namhafte Vertreter und Fachpublikum aus der Industrie zu den Events der Formula Student und ziehen damit j\u00e4hrlich tausende Zuschauer an. Doch Sie k\u00f6nnen sich nicht nur mit Ihrem Werbebanner auf dem Fahrzeug, sondern auch auf unserer Homepage, der Team- und der Rennkleidung, auf Plakaten und auch auf unseren Schwammt\u00fcchern pr\u00e4sentieren.<\/p>\n<\/div>\n<div class=\"col-sm-6\">\n<h3 class=\"spezial-ueberschrift3\">\u00d6ffentlichkeitsarbeit<\/h3>\n<p>Wir sind ein Vorzeigeprojekt der Technischen Universit\u00e4t Dresden und sind somit auf dem Campus pr\u00e4sent. In regelm\u00e4\u00dfigen Abst\u00e4nden sind wir dar\u00fcber hinaus auf Ausstellungen, Fachtagungen und Messen vertreten. Es besteht sogar die M\u00f6glichkeit f\u00fcr Sie, unser Fahrzeug auf Ihren firmeneigenen Veranstaltungen auszustellen! Dar\u00fcber hinaus sind wir auch in den Medien vertreten.<\/p>\n<\/div>\n<\/div>\n<div class=\"row\">\n<div class=\"col-sm-6\">\n<h3 class=\"spezial-ueberschrift3\">Wissenschaft<\/h3>\n<p>Wir arbeiten eng mit der Technischen Universit\u00e4t Dresden zusammen. Als engagierte Nachwuchskr\u00e4fte sind wir bestrebt, uns immer neuen Herausforderungen zu stellen und arbeiten hart an der Umsetzung unserer Ideen. J\u00e4hrlich entstehen in unserem Verein Studien- und Diplomarbeiten in Zusammenarbeit mit Instituten oder auch Unternehmen. Auch sind wir sehr interessiert an Praktikums- oder Jobangeboten. Es besteht auch die M\u00f6glichkeit, Ihre Produkte oder Technologien in unserem Fahrzeug einzusetzen und unter realen Bedingungen zu testen.<\/p>\n<\/div>\n<div class=\"col-sm-6\">\n<h3 class=\"spezial-ueberschrift3\">Kommunikation<\/h3>\n<p>Gerne informieren wir Sie in unserem monatlich erscheinenden Newsletter \u00fcber das Voranschreiten des Projekts. Erhalten Sie dar\u00fcber hinaus vielf\u00e4ltiges Informationsmaterial, das Sie auf Ihren eigenen Internetseiten oder Veranstaltungen pr\u00e4sentieren k\u00f6nnen. Als Sponsor sind Sie herzlich zu unserem Rollout und zu und anderen teaminternen Veranstaltungen wie dem Saisonabschluss eingeladen.<\/p>\n<\/div>\n<\/div>\n<div class=\"forminator-ui forminator-custom-form forminator-custom-form-23232 forminator-design--default  forminator_ajax\" data-forminator-render=\"0\" data-form=\"forminator-module-23232\" data-uid=\"69e20e755002b\"><br\/><\/div><form\n\t\t\t\tid=\"forminator-module-23232\"\n\t\t\t\tclass=\"forminator-ui forminator-custom-form forminator-custom-form-23232 forminator-design--default  forminator_ajax\"\n\t\t\t\tmethod=\"post\"\n\t\t\t\tdata-forminator-render=\"0\"\n\t\t\t\tdata-form-id=\"23232\"\n\t\t\t\t data-color-option=\"default\" data-design=\"default\" data-grid=\"open\" style=\"display: none;\"\n\t\t\t\tdata-uid=\"69e20e755002b\"\n\t\t\t><div role=\"alert\" aria-live=\"polite\" class=\"forminator-response-message forminator-error\" aria-hidden=\"true\"><\/div><div class=\"forminator-row\"><div id=\"name-1\" class=\"forminator-field-name forminator-col forminator-col-12 \"><div class=\"forminator-field\"><label for=\"forminator-field-name-1_69e20e755002b\" id=\"forminator-field-name-1_69e20e755002b-label\" class=\"forminator-label\">Ihr Name <span class=\"forminator-required\">*<\/span><\/label><input type=\"text\" name=\"name-1\" value=\"\" placeholder=\"\" id=\"forminator-field-name-1_69e20e755002b\" class=\"forminator-input forminator-name--field\" aria-required=\"true\" autocomplete=\"name\" \/><\/div><\/div><\/div><div class=\"forminator-row\"><div id=\"text-1\" class=\"forminator-field-text forminator-col forminator-col-12 \"><div class=\"forminator-field\"><label for=\"forminator-field-text-1_69e20e755002b\" id=\"forminator-field-text-1_69e20e755002b-label\" class=\"forminator-label\">Company <span class=\"forminator-required\">*<\/span><\/label><input type=\"text\" name=\"text-1\" value=\"\" placeholder=\"\" id=\"forminator-field-text-1_69e20e755002b\" class=\"forminator-input forminator-name--field\" data-required=\"1\" \/><\/div><\/div><\/div><div class=\"forminator-row\"><div id=\"email-1\" class=\"forminator-field-email forminator-col forminator-col-12 \"><div class=\"forminator-field\"><label for=\"forminator-field-email-1_69e20e755002b\" id=\"forminator-field-email-1_69e20e755002b-label\" class=\"forminator-label\">Ihre E-Mail-Adresse <span class=\"forminator-required\">*<\/span><\/label><input type=\"email\" name=\"email-1\" value=\"\" placeholder=\"\" id=\"forminator-field-email-1_69e20e755002b\" class=\"forminator-input forminator-email--field\" data-required=\"true\" aria-required=\"true\" autocomplete=\"email\" \/><\/div><\/div><\/div><div class=\"forminator-row\"><div id=\"phone-1\" class=\"forminator-field-phone forminator-col forminator-col-12 \"><div class=\"forminator-field\"><label for=\"forminator-field-phone-1_69e20e755002b\" id=\"forminator-field-phone-1_69e20e755002b-label\" class=\"forminator-label\">Ihre Telefonnummer<\/label><input type=\"text\" name=\"phone-1\" value=\"\" placeholder=\"\" id=\"forminator-field-phone-1_69e20e755002b\" class=\"forminator-input forminator-field--phone\" data-required=\"\" aria-required=\"false\" autocomplete=\"off\" \/><\/div><\/div><\/div><div class=\"forminator-row\"><div id=\"textarea-1\" class=\"forminator-field-textarea forminator-col forminator-col-12 \"><div class=\"forminator-field\"><label for=\"forminator-field-textarea-1_69e20e755002b\" id=\"forminator-field-textarea-1_69e20e755002b-label\" class=\"forminator-label\">Ihre Nachricht <span class=\"forminator-required\">*<\/span><\/label><textarea name=\"textarea-1\" placeholder=\"Bitte geben Sie Ihre Nachricht ein...\" id=\"forminator-field-textarea-1_69e20e755002b\" class=\"forminator-textarea\" rows=\"6\" style=\"min-height:240px;\" ><\/textarea><\/div><\/div><\/div><input type=\"hidden\" name=\"referer_url\" value=\"\" \/><div class=\"forminator-row forminator-row-last\"><div class=\"forminator-col\"><div class=\"forminator-field\"><button class=\"forminator-button forminator-button-submit\">Nachricht senden<\/button><\/div><\/div><\/div><input type=\"hidden\" id=\"forminator_nonce\" name=\"forminator_nonce\" value=\"04e6db65ef\" \/><input type=\"hidden\" name=\"_wp_http_referer\" value=\"\/en\/wp-json\/wp\/v2\/pages\/23224\" \/><input type=\"hidden\" name=\"form_id\" value=\"23232\"><input type=\"hidden\" name=\"page_id\" value=\"23224\"><input type=\"hidden\" name=\"form_type\" value=\"default\"><input type=\"hidden\" name=\"current_url\" value=\"https:\/\/elbflorace.de\/en\/sponsor-werden\/\"><input type=\"hidden\" name=\"render_id\" value=\"0\"><input type=\"hidden\" name=\"action\" value=\"forminator_submit_form_custom-forms\"><\/form>\n<h2 class=\"sticky\">Private Spende<\/h2>\n<div class=\"row\">\n<div class=\"col-md-6\">\n<p>Gerne k\u00f6nnen Sie unser Team auch als Privatperson mit einer Spende unterst\u00fctzen. Selbstverst\u00e4ndlich stellen<br \/>\nwir Ihnen eine Spendenquittung aus und erw\u00e4hnen Sie als F\u00f6rderer auf unserer Homepage.<\/p>\n<p>Bitte f\u00fcllen Sie daf\u00fcr das <a href=\"#formular\">unten stehende Formular<\/a> aus und \u00fcberweisen Sie den<br \/>\ngew\u00fcnschten Betrag auf unser Konto:<br \/>\n<code><br \/>\nDD Volksbank Raiffeisenbank eG<br \/>\nElbflorace Formula Student Team TU Dresden e.V.<br \/>\nIBAN: DE35 8509 0000 3534 6410 00<br \/>\nBIC: GENODEF1DRS<br \/>\nBetreff: \u201ePrivate Spende\u201c<br \/>\n<\/code><br \/>\nOder nutzen sie alternativ PayPal:<\/p>\n<form action=\"https:\/\/www.paypal.com\/cgi-bin\/webscr\" method=\"post\" target=\"_top\"><input name=\"cmd\" type=\"hidden\" value=\"_s-xclick\" \/><br \/>\n<input name=\"hosted_button_id\" type=\"hidden\" value=\"CPAL69KDGHK2U\" \/><br \/>\n<input alt=\"Jetzt einfach, schnell und sicher online bezahlen \u2013 mit PayPal.\" name=\"submit\" src=\"https:\/\/www.paypalobjects.com\/de_DE\/DE\/i\/btn\/btn_donateCC_LG.gif\" type=\"image\" \/><br \/>\n<img loading=\"lazy\" decoding=\"async\" style=\"display: none !important;\" hidden=\"\" src=\"https:\/\/www.paypalobjects.com\/de_DE\/i\/scr\/pixel.gif\" alt=\"\" width=\"1\" height=\"1\" border=\"0\" \/><\/form>\n<p>Sollten Fragen oder Probleme auftreten, wenden Sie sich bitte jederzeit an: <a href=\"mailto:spenden@elbflorace.de?Subject=Akkupatenschaft\">spenden@elbflorace.de<\/a><\/p>\n<p><strong>Vielen Dank f\u00fcr Ihre Unterst\u00fctzung!<\/strong><\/p>\n<\/div>\n<div class=\"col-md-6\"><\/div>\n<\/div>\n<p><!-- Club der 100 --><\/p>\n<h2 class=\"sticky\">Akkuzellpatenschaft<\/h2>\n<div class=\"row\">\n<div class=\"col-md-6\">\n<p>Als Formula Student Team der TU Dresden nehmen wir j\u00e4hrlich am weltweit gr\u00f6\u00dften Konstruktionswettbewerb f\u00fcr junge Ingenieure teil. Ziel ist es, in knapp einem Jahr einen voll elektrisch und autonom fahrenden Rennwagen zu entwickeln. Herzst\u00fcck unseres Fahrzeugs sind dabei die 272 Lithium-Polymer-Zellen, welche in unserem Hochvoltakkumulator verbaut werden. Diese Zellen sind teure aber unverzichtbare Kaufteile f\u00fcr unser Projekt, um im Sommer auf den Rennstrecken Europas antreten zu k\u00f6nnen.<\/p>\n<p>Wir freuen uns sehr, wenn Sie sich mit einer Zellpatenschaft an unserem Projekt beteiligen und uns damit im Bau des Akkus unterst\u00fctzen!<\/p>\n<p>https:\/\/www.startnext.com\/zellpatenschaft-elbflorace-efr<\/p>\n<\/div>\n<div class=\"col-md-6\"><\/div>\n<\/div>\n","protected":false},"excerpt":{"rendered":"<p>Sponsor werden Arbeiten Sie mit jungen, motivierten Akademikern partnerschaftlich zusammen, erleben Sie die Entwicklung neuer Technologien hautnah mit, seien Sie dabei, wenn auf den traditionsreichsten Rennstrecken Europas um den Sieg gefahren wird\u00a0\u2026 kurzum: lassen Sie sich von der Faszination Formula Student anstecken! Nebenbei profitieren Sie von einer Zusammenarbeit mit uns in vielf\u00e4ltiger Art und Weise: [&hellip;]<\/p>\n","protected":false},"author":454,"featured_media":23222,"parent":0,"menu_order":0,"comment_status":"closed","ping_status":"closed","template":"","meta":{"footnotes":""},"class_list":["post-23224","page","type-page","status-publish","has-post-thumbnail","hentry"],"_links":{"self":[{"href":"https:\/\/elbflorace.de\/en\/wp-json\/wp\/v2\/pages\/23224","targetHints":{"allow":["GET"]}}],"collection":[{"href":"https:\/\/elbflorace.de\/en\/wp-json\/wp\/v2\/pages"}],"about":[{"href":"https:\/\/elbflorace.de\/en\/wp-json\/wp\/v2\/types\/page"}],"author":[{"embeddable":true,"href":"https:\/\/elbflorace.de\/en\/wp-json\/wp\/v2\/users\/454"}],"replies":[{"embeddable":true,"href":"https:\/\/elbflorace.de\/en\/wp-json\/wp\/v2\/comments?post=23224"}],"version-history":[{"count":27,"href":"https:\/\/elbflorace.de\/en\/wp-json\/wp\/v2\/pages\/23224\/revisions"}],"predecessor-version":[{"id":27866,"href":"https:\/\/elbflorace.de\/en\/wp-json\/wp\/v2\/pages\/23224\/revisions\/27866"}],"wp:featuredmedia":[{"embeddable":true,"href":"https:\/\/elbflorace.de\/en\/wp-json\/wp\/v2\/media\/23222"}],"wp:attachment":[{"href":"https:\/\/elbflorace.de\/en\/wp-json\/wp\/v2\/media?parent=23224"}],"curies":[{"name":"wp","href":"https:\/\/api.w.org\/{rel}","templated":true}]}}